{"id":9655,"date":"2026-03-22T12:35:50","date_gmt":"2026-03-22T16:35:50","guid":{"rendered":"https:\/\/ferresuministros.com\/wp\/?post_type=product&#038;p=9655"},"modified":"2026-03-22T12:37:26","modified_gmt":"2026-03-22T16:37:26","slug":"barniz-transparente-en-1-4gl-sensacolor","status":"publish","type":"product","link":"https:\/\/ferresuministros.com\/wp\/producto\/barniz-transparente-en-1-4gl-sensacolor\/","title":{"rendered":"Barniz Transparente en 1\/4GL SENSACOLOR"},"content":{"rendered":"<p>Barniz alqu\u00eddico transparente, de \u00f3ptima calidad para proteger y decorar superficies de madera.<\/p>\n<p>\u2022 Aplicable especialmente en ambientes interiores, sobre superficies de madera.<br \/>\n\u2022 Puede usarse en \u00e1reas techadas en exteriores.<br \/>\n\u2022 Los usos recomendados incluyen puertas, closets, ventanas, divisiones escaleras, rodapi\u00e9s, etc. En construcciones y trabajos grandes de carpinter\u00eda, as\u00ed como tambi\u00e9n para todo tipo de muebles de madera o mimbre en el hogar.<br \/>\n\u2022 F\u00e1cil aplicaci\u00f3n y mantenimiento.<\/p>\n","protected":false},"excerpt":{"rendered":"<h3>Precio $10 BCV<\/h3>\n","protected":false},"featured_media":9656,"template":"","meta":{"_joinchat":[]},"product_brand":[],"product_cat":[103,178],"product_tag":[],"class_list":{"0":"post-9655","1":"product","2":"type-product","3":"status-publish","6":"product_cat-pinturas","7":"product_cat-productos-destacados","9":"first","10":"instock","11":"shipping-taxable","12":"product-type-simple"},"_links":{"self":[{"href":"https:\/\/ferresuministros.com\/wp\/wp-json\/wp\/v2\/product\/9655","targetHints":{"allow":["GET"]}}],"collection":[{"href":"https:\/\/ferresuministros.com\/wp\/wp-json\/wp\/v2\/product"}],"about":[{"href":"https:\/\/ferresuministros.com\/wp\/wp-json\/wp\/v2\/types\/product"}],"wp:featuredmedia":[{"embeddable":true,"href":"https:\/\/ferresuministros.com\/wp\/wp-json\/wp\/v2\/media\/9656"}],"wp:attachment":[{"href":"https:\/\/ferresuministros.com\/wp\/wp-json\/wp\/v2\/media?parent=9655"}],"wp:term":[{"taxonomy":"product_brand","embeddable":true,"href":"https:\/\/ferresuministros.com\/wp\/wp-json\/wp\/v2\/product_brand?post=9655"},{"taxonomy":"product_cat","embeddable":true,"href":"https:\/\/ferresuministros.com\/wp\/wp-json\/wp\/v2\/product_cat?post=9655"},{"taxonomy":"product_tag","embeddable":true,"href":"https:\/\/ferresuministros.com\/wp\/wp-json\/wp\/v2\/product_tag?post=9655"}],"curies":[{"name":"wp","href":"https:\/\/api.w.org\/{rel}","templated":true}]}}