{"id":8248,"date":"2024-12-13T10:50:23","date_gmt":"2024-12-13T14:50:23","guid":{"rendered":"https:\/\/ferresuministros.com\/wp\/?post_type=product&#038;p=8248"},"modified":"2024-12-13T10:52:28","modified_gmt":"2024-12-13T14:52:28","slug":"bushing-galvanizado-3-4-x-1-2","status":"publish","type":"product","link":"https:\/\/ferresuministros.com\/wp\/producto\/bushing-galvanizado-3-4-x-1-2\/","title":{"rendered":"Bushing Galvanizado 3\/4&#8243; x 1\/2&#8243;"},"content":{"rendered":"<p>Cuerpo de hierro maleable con recubrimiento de zinc que garantiza una gran durabilidad<br \/>\nAlta dureza<br \/>\nResistente a la corrosi\u00f3n, altas temperaturas y presiones<br \/>\nLarga vida \u00fatil<br \/>\nPara la conducci\u00f3n de agua, gas o aire<\/p>\n","protected":false},"excerpt":{"rendered":"<p>Cuerpo de hierro maleable con recubrimiento de zinc que garantiza una gran durabilidad Alta dureza Resistente a la corrosi\u00f3n, altas temperaturas y presiones Larga vida \u00fatil Para la conducci\u00f3n de<\/p>\n","protected":false},"featured_media":4307,"template":"","meta":{"_joinchat":[]},"product_brand":[],"product_cat":[177],"product_tag":[],"class_list":{"0":"post-8248","1":"product","2":"type-product","3":"status-publish","6":"product_cat-tuberias-y-conexiones","8":"first","9":"instock","10":"sale","11":"shipping-taxable","12":"purchasable","13":"product-type-simple"},"_links":{"self":[{"href":"https:\/\/ferresuministros.com\/wp\/wp-json\/wp\/v2\/product\/8248","targetHints":{"allow":["GET"]}}],"collection":[{"href":"https:\/\/ferresuministros.com\/wp\/wp-json\/wp\/v2\/product"}],"about":[{"href":"https:\/\/ferresuministros.com\/wp\/wp-json\/wp\/v2\/types\/product"}],"wp:featuredmedia":[{"embeddable":true,"href":"https:\/\/ferresuministros.com\/wp\/wp-json\/wp\/v2\/media\/4307"}],"wp:attachment":[{"href":"https:\/\/ferresuministros.com\/wp\/wp-json\/wp\/v2\/media?parent=8248"}],"wp:term":[{"taxonomy":"product_brand","embeddable":true,"href":"https:\/\/ferresuministros.com\/wp\/wp-json\/wp\/v2\/product_brand?post=8248"},{"taxonomy":"product_cat","embeddable":true,"href":"https:\/\/ferresuministros.com\/wp\/wp-json\/wp\/v2\/product_cat?post=8248"},{"taxonomy":"product_tag","embeddable":true,"href":"https:\/\/ferresuministros.com\/wp\/wp-json\/wp\/v2\/product_tag?post=8248"}],"curies":[{"name":"wp","href":"https:\/\/api.w.org\/{rel}","templated":true}]}}