{"id":8022,"date":"2024-10-26T11:10:52","date_gmt":"2024-10-26T15:10:52","guid":{"rendered":"https:\/\/ferresuministros.com\/wp\/?post_type=product&#038;p=8022"},"modified":"2025-09-01T22:48:44","modified_gmt":"2025-09-02T02:48:44","slug":"tornillos-drywall-6-x-1-covo","status":"publish","type":"product","link":"https:\/\/ferresuministros.com\/wp\/producto\/tornillos-drywall-6-x-1-covo\/","title":{"rendered":"Tornillos Drywall 6 x 1&#8243; COVO"},"content":{"rendered":"<p>El tornillo drywall tambi\u00e9n se denomina como tornillo para volcanita (palabra \u00a8drywal\u00a8 en espa\u00f1ol), tornillo para yeso cart\u00f3n o tornillo para gypsum, etc. C\u00f3mo se indica el nombre, el tornillo para drywall se utilizan para fijar paneles de yeso, l\u00e1minas superboard u otras l\u00e1minas delgadas y laminas de madera.<\/p>\n","protected":false},"excerpt":{"rendered":"<p>El tornillo drywall tambi\u00e9n se denomina como tornillo para volcanita (palabra \u00a8drywal\u00a8 en espa\u00f1ol), tornillo para yeso cart\u00f3n o tornillo para gypsum, etc. C\u00f3mo se indica el nombre, el tornillo<\/p>\n","protected":false},"featured_media":8025,"template":"","meta":{"_joinchat":[]},"product_brand":[],"product_cat":[175],"product_tag":[],"class_list":{"0":"post-8022","1":"product","2":"type-product","3":"status-publish","6":"product_cat-tornilleria","8":"first","9":"instock","10":"sale","11":"shipping-taxable","12":"purchasable","13":"product-type-variable"},"_links":{"self":[{"href":"https:\/\/ferresuministros.com\/wp\/wp-json\/wp\/v2\/product\/8022","targetHints":{"allow":["GET"]}}],"collection":[{"href":"https:\/\/ferresuministros.com\/wp\/wp-json\/wp\/v2\/product"}],"about":[{"href":"https:\/\/ferresuministros.com\/wp\/wp-json\/wp\/v2\/types\/product"}],"wp:featuredmedia":[{"embeddable":true,"href":"https:\/\/ferresuministros.com\/wp\/wp-json\/wp\/v2\/media\/8025"}],"wp:attachment":[{"href":"https:\/\/ferresuministros.com\/wp\/wp-json\/wp\/v2\/media?parent=8022"}],"wp:term":[{"taxonomy":"product_brand","embeddable":true,"href":"https:\/\/ferresuministros.com\/wp\/wp-json\/wp\/v2\/product_brand?post=8022"},{"taxonomy":"product_cat","embeddable":true,"href":"https:\/\/ferresuministros.com\/wp\/wp-json\/wp\/v2\/product_cat?post=8022"},{"taxonomy":"product_tag","embeddable":true,"href":"https:\/\/ferresuministros.com\/wp\/wp-json\/wp\/v2\/product_tag?post=8022"}],"curies":[{"name":"wp","href":"https:\/\/api.w.org\/{rel}","templated":true}]}}