{"id":7115,"date":"2024-05-08T11:15:57","date_gmt":"2024-05-08T15:15:57","guid":{"rendered":"https:\/\/ferresuministros.com\/wp\/?post_type=product&#038;p=7115"},"modified":"2024-05-08T11:21:07","modified_gmt":"2024-05-08T15:21:07","slug":"ramplug-plastico-3-16-rojo","status":"publish","type":"product","link":"https:\/\/ferresuministros.com\/wp\/producto\/ramplug-plastico-3-16-rojo\/","title":{"rendered":"Ramplug Pl\u00e1stico 3\/16&#8243; Rojo"},"content":{"rendered":"<p>Es una pieza de pl\u00e1stico que se utiliza para asegurar un tornillo en una superficie o elemento estructural, para lo cual requiere un agujero previamente perforado, al momento de introducirse la pieza de torniller\u00eda este se expando contra la pared del agujero, asegur\u00e1ndo mediante la presi\u00f3n.<\/p>\n","protected":false},"excerpt":{"rendered":"<p>Es una pieza de pl\u00e1stico que se utiliza para asegurar un tornillo en una superficie o elemento estructural, para lo cual requiere un agujero previamente perforado, al momento de introducirse<\/p>\n","protected":false},"featured_media":7118,"template":"","meta":{"_joinchat":[]},"product_brand":[],"product_cat":[125],"product_tag":[],"class_list":{"0":"post-7115","1":"product","2":"type-product","3":"status-publish","6":"product_cat-ferreteria-general","8":"first","9":"instock","10":"sale","11":"shipping-taxable","12":"purchasable","13":"product-type-variable"},"_links":{"self":[{"href":"https:\/\/ferresuministros.com\/wp\/wp-json\/wp\/v2\/product\/7115","targetHints":{"allow":["GET"]}}],"collection":[{"href":"https:\/\/ferresuministros.com\/wp\/wp-json\/wp\/v2\/product"}],"about":[{"href":"https:\/\/ferresuministros.com\/wp\/wp-json\/wp\/v2\/types\/product"}],"wp:featuredmedia":[{"embeddable":true,"href":"https:\/\/ferresuministros.com\/wp\/wp-json\/wp\/v2\/media\/7118"}],"wp:attachment":[{"href":"https:\/\/ferresuministros.com\/wp\/wp-json\/wp\/v2\/media?parent=7115"}],"wp:term":[{"taxonomy":"product_brand","embeddable":true,"href":"https:\/\/ferresuministros.com\/wp\/wp-json\/wp\/v2\/product_brand?post=7115"},{"taxonomy":"product_cat","embeddable":true,"href":"https:\/\/ferresuministros.com\/wp\/wp-json\/wp\/v2\/product_cat?post=7115"},{"taxonomy":"product_tag","embeddable":true,"href":"https:\/\/ferresuministros.com\/wp\/wp-json\/wp\/v2\/product_tag?post=7115"}],"curies":[{"name":"wp","href":"https:\/\/api.w.org\/{rel}","templated":true}]}}