{"id":7093,"date":"2024-04-29T15:50:18","date_gmt":"2024-04-29T19:50:18","guid":{"rendered":"https:\/\/ferresuministros.com\/wp\/?post_type=product&#038;p=7093"},"modified":"2024-05-26T14:04:54","modified_gmt":"2024-05-26T18:04:54","slug":"tornillo-cabeza-ovalada-para-pomo-o-manilla-de-ducha-sam","status":"publish","type":"product","link":"https:\/\/ferresuministros.com\/wp\/producto\/tornillo-cabeza-ovalada-para-pomo-o-manilla-de-ducha-sam\/","title":{"rendered":"Tornillo Cabeza Ovalada para Pomo \u00f3 Manilla de Ducha SAM"},"content":{"rendered":"<p>Tornillo de sujeci\u00f3n del pomo o manilla al v\u00e1stago de bronce<br \/>\nDisponible en corto de 3\/8&#8243; y largo de 1\/2&#8243;<\/p>\n","protected":false},"excerpt":{"rendered":"<p>Tornillo de sujeci\u00f3n del pomo o manilla al v\u00e1stago de bronce Disponible en corto de 3\/8&#8243; y largo de 1\/2&#8243;<\/p>\n","protected":false},"featured_media":7095,"template":"","meta":{"_joinchat":[]},"product_brand":[],"product_cat":[174],"product_tag":[],"class_list":{"0":"post-7093","1":"product","2":"type-product","3":"status-publish","6":"product_cat-repuestos-griferia","8":"first","9":"instock","10":"sale","11":"shipping-taxable","12":"purchasable","13":"product-type-simple"},"_links":{"self":[{"href":"https:\/\/ferresuministros.com\/wp\/wp-json\/wp\/v2\/product\/7093","targetHints":{"allow":["GET"]}}],"collection":[{"href":"https:\/\/ferresuministros.com\/wp\/wp-json\/wp\/v2\/product"}],"about":[{"href":"https:\/\/ferresuministros.com\/wp\/wp-json\/wp\/v2\/types\/product"}],"wp:featuredmedia":[{"embeddable":true,"href":"https:\/\/ferresuministros.com\/wp\/wp-json\/wp\/v2\/media\/7095"}],"wp:attachment":[{"href":"https:\/\/ferresuministros.com\/wp\/wp-json\/wp\/v2\/media?parent=7093"}],"wp:term":[{"taxonomy":"product_brand","embeddable":true,"href":"https:\/\/ferresuministros.com\/wp\/wp-json\/wp\/v2\/product_brand?post=7093"},{"taxonomy":"product_cat","embeddable":true,"href":"https:\/\/ferresuministros.com\/wp\/wp-json\/wp\/v2\/product_cat?post=7093"},{"taxonomy":"product_tag","embeddable":true,"href":"https:\/\/ferresuministros.com\/wp\/wp-json\/wp\/v2\/product_tag?post=7093"}],"curies":[{"name":"wp","href":"https:\/\/api.w.org\/{rel}","templated":true}]}}