{"id":1242,"date":"2021-02-07T13:07:44","date_gmt":"2021-02-07T17:07:44","guid":{"rendered":"https:\/\/ferresuministros.com\/wp\/?post_type=product&#038;p=1242"},"modified":"2022-08-20T14:31:28","modified_gmt":"2022-08-20T18:31:28","slug":"cepillo-limpiador-de-bornes-80mm","status":"publish","type":"product","link":"https:\/\/ferresuministros.com\/wp\/producto\/cepillo-limpiador-de-bornes-80mm\/","title":{"rendered":"Cepillo Limpiador de Bornes 80mm"},"content":{"rendered":"<p>Permite limpiar los bornes de las bater\u00edas y adem\u00e1s trae cepillo para limpiar los terminales de los cables.<br \/>\nMaterial: Acero inoxidable.<br \/>\nMedidas: 40mm (di\u00e1metro) x 85mm (alto)<br \/>\nPresentaci\u00f3n: Blister<\/p>\n","protected":false},"excerpt":{"rendered":"<p>Permite limpiar los bornes de las bater\u00edas y adem\u00e1s trae cepillo para limpiar los terminales de los cables. Material: Acero inoxidable. Medidas: 40mm (di\u00e1metro) x 85mm (alto) Presentaci\u00f3n: Blister<\/p>\n","protected":false},"featured_media":5290,"template":"","meta":{"_joinchat":[]},"product_brand":[],"product_cat":[181],"product_tag":[],"class_list":{"0":"post-1242","1":"product","2":"type-product","3":"status-publish","6":"product_cat-auto-moto-accesorios","8":"first","9":"instock","10":"sale","11":"shipping-taxable","12":"purchasable","13":"product-type-simple"},"_links":{"self":[{"href":"https:\/\/ferresuministros.com\/wp\/wp-json\/wp\/v2\/product\/1242","targetHints":{"allow":["GET"]}}],"collection":[{"href":"https:\/\/ferresuministros.com\/wp\/wp-json\/wp\/v2\/product"}],"about":[{"href":"https:\/\/ferresuministros.com\/wp\/wp-json\/wp\/v2\/types\/product"}],"wp:featuredmedia":[{"embeddable":true,"href":"https:\/\/ferresuministros.com\/wp\/wp-json\/wp\/v2\/media\/5290"}],"wp:attachment":[{"href":"https:\/\/ferresuministros.com\/wp\/wp-json\/wp\/v2\/media?parent=1242"}],"wp:term":[{"taxonomy":"product_brand","embeddable":true,"href":"https:\/\/ferresuministros.com\/wp\/wp-json\/wp\/v2\/product_brand?post=1242"},{"taxonomy":"product_cat","embeddable":true,"href":"https:\/\/ferresuministros.com\/wp\/wp-json\/wp\/v2\/product_cat?post=1242"},{"taxonomy":"product_tag","embeddable":true,"href":"https:\/\/ferresuministros.com\/wp\/wp-json\/wp\/v2\/product_tag?post=1242"}],"curies":[{"name":"wp","href":"https:\/\/api.w.org\/{rel}","templated":true}]}}